{"id":3,"date":"2023-04-19T09:26:29","date_gmt":"2023-04-19T09:26:29","guid":{"rendered":"http:\/\/dmsnc.it\/?page_id=3"},"modified":"2023-05-31T10:48:52","modified_gmt":"2023-05-31T10:48:52","slug":"privacy-policy","status":"publish","type":"page","link":"https:\/\/dmsnc.it\/fr\/privacy-policy\/","title":{"rendered":"Politique de confidentialit\u00e9"},"content":{"rendered":"<div data-elementor-type=\"wp-page\" data-elementor-id=\"3\" class=\"elementor elementor-3\">\n\t\t\t\t\t\t\t\t\t<section class=\"elementor-section elementor-top-section elementor-element elementor-element-53e81960 elementor-section-boxed elementor-section-height-default elementor-section-height-default qodef-elementor-content-no\" data-id=\"53e81960\" data-element_type=\"section\">\n\t\t\t\t\t\t<div class=\"elementor-container elementor-column-gap-default\">\n\t\t\t\t\t<div class=\"elementor-column elementor-col-100 elementor-top-column elementor-element elementor-element-28ec62c9\" data-id=\"28ec62c9\" data-element_type=\"column\">\n\t\t\t<div class=\"elementor-widget-wrap elementor-element-populated\">\n\t\t\t\t\t\t\t\t<div class=\"elementor-element elementor-element-77348555 elementor-widget elementor-widget-text-editor\" data-id=\"77348555\" data-element_type=\"widget\" data-widget_type=\"text-editor.default\">\n\t\t\t\t<div class=\"elementor-widget-container\">\n\t\t\t<style>\/*! elementor - v3.12.1 - 02-04-2023 *\/\n.elementor-widget-text-editor.elementor-drop-cap-view-stacked .elementor-drop-cap{background-color:#69727d;color:#fff}.elementor-widget-text-editor.elementor-drop-cap-view-framed .elementor-drop-cap{color:#69727d;border:3px solid;background-color:transparent}.elementor-widget-text-editor:not(.elementor-drop-cap-view-default) .elementor-drop-cap{margin-top:8px}.elementor-widget-text-editor:not(.elementor-drop-cap-view-default) .elementor-drop-cap-letter{width:1em;height:1em}.elementor-widget-text-editor .elementor-drop-cap{float:left;text-align:center;line-height:1;font-size:50px}.elementor-widget-text-editor .elementor-drop-cap-letter{display:inline-block}<\/style>\t\t\t\t<!-- wp:heading -->\n<h1 class=\"wp-block-heading\">POLITIQUE DE CONFIDENTIALIT\u00c9<\/h1>\n<!-- \/wp:heading --><!-- wp:paragraph -->\n<p>D.M. SEMILAVORATI srl en tant que propri\u00e9taire de l'entreprise homonyme, avec le logo et l'enseigne D.M. SEMILAVORATI srl, dont le si\u00e8ge social est situ\u00e9 \u00e0 Via dei Bricchi 10, Pietra Marazzi, Alessandria, Italie est le contr\u00f4leur des donn\u00e9es personnelles collect\u00e9es sur ce site en vertu et aux fins du r\u00e8glement de l'UE 679\/2016 (ci-apr\u00e8s GDPR) :<\/p>\n<!-- \/wp:paragraph --><!-- wp:heading -->\n<h1 class=\"wp-block-heading\">1. DONN\u00c9ES PERSONNELLES ET DONN\u00c9ES DE NAVIGATION<\/h1>\n<!-- \/wp:heading --><!-- wp:paragraph -->\n<p>D. M. SEMILAVORATI srl s'engage \u00e0 prot\u00e9ger les donn\u00e9es personnelles et vous demande de consacrer quelques minutes \u00e0 la lecture de la mani\u00e8re dont nous collectons, utilisons, divulguons et transf\u00e9rons les donn\u00e9es personnelles qui nous sont fournies via notre site Web www.dmsnc.com, ou en interagissant \u00e0 travers les donn\u00e9es transmises \u00e0 D. M. SEMILAVORATI srl par des soci\u00e9t\u00e9s tierces qui fournissent des services technologiques et \/ ou informatiques, logistiques et commerciaux. De plus, la pr\u00e9sente politique explique comment nous recueillons des donn\u00e9es<br \/>gr\u00e2ce \u00e0 l'utilisation de cookies et de technologies connexes utilisant nos Plateformes.<\/p>\n<p>\u00a0<\/p>\n<p><strong>DONN\u00c9ES PERSONNELLES TRAIT\u00c9ES \u00c0 DES FINS CONTRACTUELLES-OBLIGATIONS L\u00c9GALES-DROITS DU RESPONSABLE DU TITULAIRE<\/strong><\/p>\n<p>Donn\u00e9es biographiques et coordonn\u00e9es.<\/p>\n<p><strong>LES DONN\u00c9ES \u00c0 CARACT\u00c8RE PERSONNEL TRAIT\u00c9ES \u00c0 DES FINS DE MARKETING G\u00c9N\u00c9RIQUE DES COPROPRI\u00c9TAIRES<\/strong><\/p>\n<p>Donn\u00e9es biographiques et coordonn\u00e9es.<\/p>\n<p><strong>DONN\u00c9ES PERSONNELLES TRAIT\u00c9ES \u00c0 DES FINS DE MARKETING ET DE PROFILAGE<\/strong><\/p>\n<p>Donn\u00e9es personnelles, donn\u00e9es de contact, donn\u00e9es collect\u00e9es par les cookies install\u00e9s par les Sites.<\/p>\n<p><strong>LES DONN\u00c9ES PERSONNELLES TRAIT\u00c9ES POUR L'ENVOI DE LETTRES D'INFORMATION<\/strong><\/p>\n<p>Donn\u00e9es coordonn\u00e9es.<\/p>\n<p><strong>DONN\u00c9ES PERSONNELLES TRAIT\u00c9ES POUR LE FONCTIONNEMENT DES SITES<\/strong><\/p>\n<p>Les adresses IP ou noms de domaine des ordinateurs utilis\u00e9s par les utilisateurs qui se connectent aux Sites, les adresses URI (Uniform Resource Identifier) des ressources demand\u00e9es, l'heure de la demande, la m\u00e9thode utilis\u00e9e pour soumettre la demande au serveur, la taille du fichier obtenu en r\u00e9ponse, le code num\u00e9rique indiquant l'\u00e9tat de la r\u00e9ponse donn\u00e9e par le serveur (succ\u00e8s, erreur, etc.), d'autres param\u00e8tres relatifs au syst\u00e8me d'exploitation et \u00e0 l'environnement informatique de l'utilisateur, des informations relatives au comportement de l'utilisateur sur les Sites, pages visit\u00e9es ou recherch\u00e9es, afin de s\u00e9lectionner et de diffuser des publicit\u00e9s sp\u00e9cifiques \u00e0 l'utilisateur des Sites et des donn\u00e9es relatives au comportement de navigation sur les Sites, par exemple \u00e0 l'aide de cookies. \nPour D. M. SEMILAVORATI srl, il est essentiel de garantir la s\u00e9curit\u00e9 et la confidentialit\u00e9 des enfants. Il n'est pas dans notre int\u00e9r\u00eat de collecter et de ne pas utiliser sciemment les donn\u00e9es personnelles de toute personne \u00e2g\u00e9e de moins de seize (16) ans ou d'une limite d'\u00e2ge \u00e9tablie par la l\u00e9gislation de son pays de r\u00e9sidence. En vous inscrivant sur le Site, vous confirmez que vous avez atteint l'\u00e2ge de la majorit\u00e9 dans votre pays de r\u00e9sidence.<\/p>\n<h1>2. FINALIT\u00c9S ET BASES JURIDIQUES DU TRAITEMENT<\/h1>\n<p><br \/>Les donn\u00e9es et cookies re\u00e7us seront trait\u00e9s par D. M. SEMILAVORATI srl exclusivement avec les m\u00e9thodes et proc\u00e9dures n\u00e9cessaires pour fournir les services demand\u00e9s et aux fins suppl\u00e9mentaires pour lesquelles le consentement a \u00e9t\u00e9 exprim\u00e9.<br \/>- Objectifs de marketing g\u00e9n\u00e9rique des copropri\u00e9taires : \u00e0 titre d'exemple, envoi - par des m\u00e9thodes de contact automatis\u00e9es (e-mail) - de communications promotionnelles et commerciales relatives \u00e0 des services\/produits similaires \u00e0 ceux d\u00e9j\u00e0 utilis\u00e9s offerts par les copropri\u00e9taires, \u00e0 titre d'exemple mais non limit\u00e9 \u00e0 la notification d'\u00e9v\u00e9nements de l'entreprise ou de webinaires ou de livres blancs ou \u00e0 l'abonnement \u00e0 des bulletins d'information ;<br \/>- Finalit\u00e9s marketing de tiers (avec communication de donn\u00e9es) appartenant au secteur des services (en particulier TIC et num\u00e9rique) et du conseil, de la production, du commerce, de l'administration publique : envoi - par des m\u00e9thodes de contact automatis\u00e9es (telles que sms, mms e-mail) et des m\u00e9thodes traditionnelles (telles que les appels t\u00e9l\u00e9phoniques avec op\u00e9rateur) - de communications promotionnelles et commerciales, de mat\u00e9riel publicitaire relatif \u00e0 des offres de services\/produits, de notification d'\u00e9v\u00e9nements d'entreprise, ainsi que r\u00e9alisation d'\u00e9tudes de march\u00e9 et d'analyses statistiques par des tiers sp\u00e9cifi\u00e9s ci-dessus, par rapport aux Titulaires conjoints, auxquels les donn\u00e9es sont communiqu\u00e9es ;<\/p>\n<p>- Marketing par les cotitulaires en faveur de tiers (sans communication de donn\u00e9es) appartenant au secteur des services (en particulier TIC et num\u00e9rique) et au conseil, \u00e0 la fabrication, au commerce, \u00e0 l'administration publique : envoi - par des modalit\u00e9s de contact automatis\u00e9es (telles que sms, mms e-mail) et traditionnelles (telles que les appels t\u00e9l\u00e9phoniques avec op\u00e9rateur) - de communications promotionnelles et commerciales, de mat\u00e9riel publicitaire li\u00e9 \u00e0 des offres de services\/produits, notification d'\u00e9v\u00e9nements d'entreprise, ainsi que la r\u00e9alisation d'\u00e9tudes de march\u00e9 et d'analyses statistiques par les cotitulaires pour le compte de tiers ;<br \/>- Objectifs de profilage : analyse des pr\u00e9f\u00e9rences, des habitudes, des comportements, des int\u00e9r\u00eats d\u00e9duits, par exemple, des clics en ligne sur les articles\/sections des sites web de D.M. SEMILAVORATI srl, afin d'envoyer des communications commerciales personnalis\u00e9es.<br \/>r\u00e9aliser des actions promotionnelles cibl\u00e9es, intelligence \u00e9conomique. Le traitement des donn\u00e9es personnelles \u00e0 des fins de profilage aura lieu, en cas de consentement, avec des outils de traitement des donn\u00e9es qui, apr\u00e8s recoupement, cr\u00e9eront un profil commercial et comportemental personnel sur le web. Cet outil de traitement des donn\u00e9es met en relation les donn\u00e9es collect\u00e9es lors de la navigation sur les sites gr\u00e2ce \u00e0 l'utilisation de cookies de profilage de premi\u00e8re partie accept\u00e9s personnellement avec les donn\u00e9es collect\u00e9es lors de l'enregistrement aupr\u00e8s de D.M. SEMILAVORATI srl \u00e0 l'aide des formulaires pr\u00e9vus \u00e0 cet effet. En outre, ces donn\u00e9es et\/ou informations seront associ\u00e9es \u00e0 d'\u00e9ventuelles donn\u00e9es et\/ou informations suppl\u00e9mentaires d\u00e9j\u00e0 en notre possession suite \u00e0 la souscription \u00e0 nos services.<br \/>- Obligations l\u00e9gales : remplir les obligations d\u00e9coulant des r\u00e9glementations et l\u00e9gislations nationales et internationales applicables.<br \/>- Envoi de bulletins d'information : si vous en faites la demande explicite en vous inscrivant \u00e0 un tel service.<br \/>- Droits des copropri\u00e9taires : si n\u00e9cessaire, pour la constatation, l'exercice ou la d\u00e9fense en justice des droits des copropri\u00e9taires.<br \/>- Fonctionnement des sites : Les syst\u00e8mes informatiques et les proc\u00e9dures logicielles utilis\u00e9s pour le fonctionnement des sites acqui\u00e8rent, au cours de leur fonctionnement normal, certaines donn\u00e9es personnelles dont la transmission est implicite dans l'utilisation des protocoles de communication Internet. Ces informations ne sont pas collect\u00e9es pour \u00eatre associ\u00e9es \u00e0 des personnes int\u00e9ress\u00e9es identifi\u00e9es mais, de par leur nature m\u00eame, pourraient, par le biais du traitement et de l'association avec des donn\u00e9es d\u00e9tenues par les sites ou par des tiers, permettre l'identification des utilisateurs des sites.<\/p>\n<h1>3. DIFFUSION, COMMUNICATION ET PARTIES ACC\u00c9DANT AUX DONN\u00c9ES<\/h1>\n<p>Les donn\u00e9es peuvent \u00eatre trait\u00e9es par des sujets externes agissant en qualit\u00e9 de responsables du traitement tels que, \u00e0 titre d'exemple, les Autorit\u00e9s et les organismes de surveillance et de contr\u00f4le et, en g\u00e9n\u00e9ral, les sujets, y compris les sujets priv\u00e9s, habilit\u00e9s \u00e0 demander les donn\u00e9es, les Autorit\u00e9s publiques qui les demandent express\u00e9ment aux Titulaires conjoints \u00e0 des fins administratives ou institutionnelles, conform\u00e9ment aux dispositions de la r\u00e9glementation nationale et europ\u00e9enne en vigueur, ainsi que les personnes, les soci\u00e9t\u00e9s, les associations ou les cabinets professionnels qui fournissent une assistance et des conseils. Les donn\u00e9es peuvent \u00e9galement \u00eatre trait\u00e9es, pour le compte des cotitulaires, par des sujets externes d\u00e9sign\u00e9s comme responsables du traitement aux termes de l'article 28 du RGPD, auxquels des instructions op\u00e9rationnelles appropri\u00e9es sont donn\u00e9es. Ces sujets sont essentiellement inclus dans les cat\u00e9gories suivantes :<br \/>- les entreprises proposant des services de maintenance de sites web et de syst\u00e8mes d'information;<br \/>- les entreprises proposant une aide \u00e0 la r\u00e9alisation d'\u00e9tudes de march\u00e9;<br \/>- des entreprises qui assurent la gestion de la base de donn\u00e9es et les services de maintenance pour les copropri\u00e9taires;<br \/>- les entreprises proposant des services d'e-mailing;<br \/>- soci\u00e9t\u00e9 offrant des services de gestion de plateformes d'automatisation du marketing;<br \/>- les entreprises qui fournissent un soutien organisationnel et des services d'h\u00e9bergement lors d'\u00e9v\u00e9nements.<br \/>Les donn\u00e9es \u00e0 caract\u00e8re personnel peuvent \u00eatre trait\u00e9es, moyennant un consentement explicite, par des tiers auxquels les donn\u00e9es sont communiqu\u00e9es.<br \/>Les donn\u00e9es personnelles ne seront pas diffus\u00e9es.<\/p>\n<h1>4. TRANSFERT DE DONN\u00c9ES \u00c0 L'\u00c9TRANGER<\/h1>\n<p>Les donn\u00e9es peuvent \u00eatre transf\u00e9r\u00e9es \u00e0 l'\u00e9tranger vers des pays non europ\u00e9ens, et en particulier vers les \u00c9tats-Unis, uniquement apr\u00e8s v\u00e9rification<br \/>des clauses contractuelles types adopt\u00e9es\/approuv\u00e9es par la Commission europ\u00e9enne conform\u00e9ment \u00e0 l'article 46, paragraphe 2, points c) et d), du GDPR ou des r\u00e8gles contraignantes pour l'entreprise vis\u00e9es \u00e0 l'article 47 du GDPR ou, \u00e0 d\u00e9faut, en vertu de l'une des mesures d\u00e9rogatoires vis\u00e9es \u00e0 l'article 49 du GDPR.<br \/>Une copie des garanties vis\u00e9es \u00e0 l'article 46, paragraphe 2, points c) et d), du GDPR, adopt\u00e9es par les co-titulaires, peut \u00eatre obtenue en envoyant un courriel \u00e0 info@dmsnc.it.<\/p>\n<h1>5. DUR\u00c9E DU TRAITEMENT ET DE LA CONSERVATION DES DONN\u00c9ES \u00c0 CARACT\u00c8RE PERSONNEL<\/h1>\n<p>Conform\u00e9ment \u00e0 l'article 5.1 e) du GDPR, D.M. SEMILAVORATI srl traitera les donn\u00e9es fournies pendant la p\u00e9riode n\u00e9cessaire pour atteindre les objectifs pour lesquels elles ont \u00e9t\u00e9 collect\u00e9es. En g\u00e9n\u00e9ral, nous conserverons les donn\u00e9es personnelles pendant un an \u00e0 compter de la fin de notre relation ou du dernier contact, \u00e0 moins que la l\u00e9gislation locale n'en dispose autrement. Dans certains cas, il peut s'av\u00e9rer n\u00e9cessaire de conserver les donn\u00e9es personnelles pendant une p\u00e9riode plus longue, par exemple lorsque nous sommes tenus de le faire pour des raisons juridiques, fiscales ou financi\u00e8res :<br \/>- Finalit\u00e9s contractuelles, obligations l\u00e9gales et envoi de bulletins d'information : pendant toute la dur\u00e9e du contrat et, apr\u00e8s r\u00e9siliation, pendant 10 ans;<br \/>- Finalit\u00e9s marketing g\u00e9n\u00e9riques des co-d\u00e9tenteurs : jusqu'\u00e0 l'exercice du droit d'opposition qui peut \u00eatre exerc\u00e9 via le bouton de d\u00e9sinscription (\"Cliquez ici\") ou en contactant directement les co-d\u00e9tenteurs;<br \/>- Marketing et profilage : jusqu'\u00e0 ce que le consentement \u00e0 ces fins soit retir\u00e9;<br \/>- Droits du propri\u00e9taire : en cas de litige, pendant toute la dur\u00e9e du litige, jusqu'\u00e0 l'\u00e9puisement des d\u00e9lais de recours;<br \/>- Fonctionnement des sites : pour la dur\u00e9e de la session de navigation sur les sites.<br \/>\u00c0 l'expiration des p\u00e9riodes de conservation susmentionn\u00e9es, les donn\u00e9es \u00e0 caract\u00e8re personnel seront d\u00e9truites, effac\u00e9es ou rendues anonymes, sous r\u00e9serve des proc\u00e9dures techniques d'effacement et de sauvegarde.<\/p>\n<h1>6. S\u00c9CURIT\u00c9<\/h1>\n<p>Chez D.M. SEMILAVORATI srl, les donn\u00e9es personnelles sont trait\u00e9es par des outils automatis\u00e9s pendant le temps strictement n\u00e9cessaire pour atteindre les objectifs pour lesquels elles ont \u00e9t\u00e9 collect\u00e9es et dans le respect du principe de n\u00e9cessit\u00e9 et de proportionnalit\u00e9, en \u00e9vitant le traitement des donn\u00e9es personnelles lorsque les op\u00e9rations peuvent \u00eatre effectu\u00e9es en utilisant des donn\u00e9es anonymes ou d'autres m\u00e9thodes.<br \/>Nous avons adopt\u00e9 des mesures de s\u00e9curit\u00e9 sp\u00e9cifiques pour pr\u00e9venir la perte de donn\u00e9es personnelles, l'utilisation ill\u00e9gale ou incorrecte et l'acc\u00e8s non autoris\u00e9, mais il est essentiel pour la s\u00e9curit\u00e9 des donn\u00e9es personnelles que le dispositif soit \u00e9quip\u00e9 d'outils tels qu'un logiciel antivirus constamment mis \u00e0 jour et que le fournisseur, qui assure la connexion \u00e0 Internet, garantisse la transmission s\u00e9curis\u00e9e des donn\u00e9es par le biais de pare-feu, de filtres anti-spam et d'autres mesures de protection similaires.<\/p>\n<h1>7. DROITS DE LA PERSONNE CONCERN\u00c9E<\/h1>\n<p><br \/>En contactant les responsables du traitement par courrier \u00e9lectronique \u00e0 l'adresse info@dmsnc.it, vous pouvez demander aux responsables du traitement l'acc\u00e8s aux donn\u00e9es vous concernant, leur suppression, la rectification des donn\u00e9es inexactes, l'int\u00e9gration des donn\u00e9es incompl\u00e8tes, la limitation du traitement conform\u00e9ment \u00e0 l'article 18 du RGPD. En outre, si le traitement est fond\u00e9 sur le consentement ou sur un contrat et qu'il est effectu\u00e9 \u00e0 l'aide de proc\u00e9d\u00e9s automatis\u00e9s, vous pouvez demander la portabilit\u00e9 des donn\u00e9es et les recevoir dans un format structur\u00e9, couramment utilis\u00e9 et lisible par machine, ainsi que, si cela est techniquement possible, les transmettre sans entrave \u00e0 un autre responsable du traitement. Vous avez le droit de r\u00e9voquer votre consentement \u00e0 tout moment \u00e0 des fins de marketing et\/ou de profilage, ainsi que de vous opposer au traitement, pour des raisons tenant \u00e0 votre situation particuli\u00e8re, de vos donn\u00e9es en cas d'exercice d'un int\u00e9r\u00eat public ou d'un int\u00e9r\u00eat l\u00e9gitime du responsable du traitement des donn\u00e9es, ainsi qu'\u00e0 des fins de marketing, y compris le profilage li\u00e9 au marketing direct. Ceci est sans pr\u00e9judice de la possibilit\u00e9 d'\u00eatre contact\u00e9 aux fins susmentionn\u00e9es exclusivement par des m\u00e9thodes traditionnelles et d'exprimer son opposition uniquement \u00e0 la r\u00e9ception de communications par des m\u00e9thodes automatis\u00e9es.<\/p>\n<p>Ils s'abstiennent de traiter les donn\u00e9es, sauf pour des motifs l\u00e9gitimes qui pr\u00e9valent sur les int\u00e9r\u00eats, droits et libert\u00e9s de la personne concern\u00e9e, ou pour la constatation, l'exercice ou la d\u00e9fense d'un droit en justice.<br \/>Vous avez le droit de d\u00e9poser une plainte aupr\u00e8s de l'autorit\u00e9 de contr\u00f4le comp\u00e9tente de l'\u00c9tat membre dans lequel vous r\u00e9sidez ou travaillez habituellement ou de l'\u00c9tat dans lequel l'infraction pr\u00e9sum\u00e9e a \u00e9t\u00e9 commise.<\/p>\n<h1>8. D\u00c9L\u00c9GU\u00c9 \u00c0 LA PROTECTION DES DONN\u00c9ES<\/h1>\n<p><br \/>Les donn\u00e9es peuvent \u00eatre trait\u00e9es par les employ\u00e9s des fonctions centrales des entreprises communes charg\u00e9s de la poursuite des objectifs susmentionn\u00e9s, qui ont \u00e9t\u00e9 express\u00e9ment autoris\u00e9s \u00e0 traiter les donn\u00e9es et ont re\u00e7u des instructions op\u00e9rationnelles ad\u00e9quates.<br \/>Les donn\u00e9es personnelles trait\u00e9es pour le fonctionnement des sites, collect\u00e9es lors de la navigation sur les sites, seront trait\u00e9es par<br \/>les employ\u00e9s, les collaborateurs des cotitulaires ou les sujets externes, en tant que responsables du traitement, d\u00fbment mandat\u00e9s par les cotitulaires, qui effectuent des t\u00e2ches de nature technique et organisationnelle au nom des cotitulaires pour les sites.<\/p>\n<!-- \/wp:paragraph -->\t\t\t\t\t\t<\/div>\n\t\t\t\t<\/div>\n\t\t\t\t\t<\/div>\n\t\t<\/div>\n\t\t\t\t\t\t\t<\/div>\n\t\t<\/section>\n\t\t\t\t\t\t\t<\/div>","protected":false},"excerpt":{"rendered":"<p>D.M. SEMILAVORATI srl en tant que propri\u00e9taire de l'entreprise homonyme, avec le logo et l'enseigne D.M. SEMILAVORATI srl, dont le si\u00e8ge social est situ\u00e9 \u00e0 Via dei Bricchi 10, Pietra Marazzi, Alessandria, Italie est le contr\u00f4leur des donn\u00e9es personnelles collect\u00e9es sur ce site en vertu et aux fins du r\u00e8glement de l'UE 679\/2016 (ci-apr\u00e8s GDPR) :<\/p>","protected":false},"author":1,"featured_media":0,"parent":0,"menu_order":0,"comment_status":"closed","ping_status":"open","template":"","meta":{"footnotes":""},"class_list":["post-3","page","type-page","status-publish","hentry"],"_links":{"self":[{"href":"https:\/\/dmsnc.it\/fr\/wp-json\/wp\/v2\/pages\/3","targetHints":{"allow":["GET"]}}],"collection":[{"href":"https:\/\/dmsnc.it\/fr\/wp-json\/wp\/v2\/pages"}],"about":[{"href":"https:\/\/dmsnc.it\/fr\/wp-json\/wp\/v2\/types\/page"}],"author":[{"embeddable":true,"href":"https:\/\/dmsnc.it\/fr\/wp-json\/wp\/v2\/users\/1"}],"replies":[{"embeddable":true,"href":"https:\/\/dmsnc.it\/fr\/wp-json\/wp\/v2\/comments?post=3"}],"version-history":[{"count":55,"href":"https:\/\/dmsnc.it\/fr\/wp-json\/wp\/v2\/pages\/3\/revisions"}],"predecessor-version":[{"id":13998,"href":"https:\/\/dmsnc.it\/fr\/wp-json\/wp\/v2\/pages\/3\/revisions\/13998"}],"wp:attachment":[{"href":"https:\/\/dmsnc.it\/fr\/wp-json\/wp\/v2\/media?parent=3"}],"curies":[{"name":"wp","href":"https:\/\/api.w.org\/{rel}","templated":true}]}}